{"id":4338,"date":"2025-06-09T10:36:27","date_gmt":"2025-06-09T08:36:27","guid":{"rendered":"https:\/\/dufouradvokatur.194.150.248.68.dev-url.ch\/open-positions\/"},"modified":"2026-05-12T11:03:15","modified_gmt":"2026-05-12T09:03:15","slug":"open-positions","status":"publish","type":"page","link":"https:\/\/www.dufour-advokatur.ch\/en\/firm\/open-positions\/","title":{"rendered":"Open positions"},"content":{"rendered":"<p><div class=\"fusion-fullwidth fullwidth-box fusion-builder-row-1 fusion-flex-container has-pattern-background has-mask-background nonhundred-percent-fullwidth non-hundred-percent-height-scrolling\" style=\"--awb-border-radius-top-left:0px;--awb-border-radius-top-right:0px;--awb-border-radius-bottom-right:0px;--awb-border-radius-bottom-left:0px;--awb-flex-wrap:wrap;\" ><div class=\"fusion-builder-row fusion-row fusion-flex-align-items-flex-start fusion-flex-content-wrap\" style=\"max-width:1248px;margin-left: calc(-4% \/ 2 );margin-right: calc(-4% \/ 2 );\"><div class=\"fusion-layout-column fusion_builder_column fusion-builder-column-0 fusion_builder_column_1_1 1_1 fusion-flex-column\" style=\"--awb-padding-top:56px;--awb-padding-right:108px;--awb-padding-bottom:56px;--awb-padding-left:110px;--awb-padding-top-small:20px;--awb-padding-right-small:20px;--awb-padding-left-small:20px;--awb-bg-color:var(--awb-color1);--awb-bg-color-hover:var(--awb-color1);--awb-bg-size:cover;--awb-width-large:100%;--awb-margin-top-large:-100px;--awb-spacing-right-large:3.84%;--awb-margin-bottom-large:0px;--awb-spacing-left-large:3.84%;--awb-width-medium:100%;--awb-order-medium:0;--awb-spacing-right-medium:3.84%;--awb-spacing-left-medium:3.84%;--awb-width-small:100%;--awb-order-small:0;--awb-spacing-right-small:1.92%;--awb-spacing-left-small:1.92%;\"><div class=\"fusion-column-wrapper fusion-column-has-shadow fusion-flex-justify-content-flex-start fusion-content-layout-column\"><div class=\"fusion-title title fusion-title-1 fusion-sep-none fusion-title-center fusion-title-highlight fusion-animate-once fusion-highlight-marker fusion-title-size-div\" style=\"--awb-highlight-color:var(--awb-custom_color_2);--awb-highlight-width:41;--awb-font-size:26px;\" data-highlight=\"marker\"><div class=\"fusion-title-heading title-heading-center title-heading-tag\" style=\"font-family:&quot;Plus Jakarta Sans&quot;;font-style:normal;font-weight:400;margin:0;font-size:1em;\"><span class=\"fusion-highlighted-text-prefix\"><\/span> <span class=\"fusion-highlighted-text-wrapper\"><span class=\"fusion-highlighted-text\">A dedicated team, a common journey, a clear objective.<\/span><\/span> <span class=\"fusion-highlighted-text-postfix\"><\/span><\/div><\/div><\/div><\/div><\/div><\/div><div class=\"fusion-fullwidth fullwidth-box fusion-builder-row-2 fusion-flex-container has-pattern-background has-mask-background nonhundred-percent-fullwidth non-hundred-percent-height-scrolling\" style=\"--awb-border-radius-top-left:0px;--awb-border-radius-top-right:0px;--awb-border-radius-bottom-right:0px;--awb-border-radius-bottom-left:0px;--awb-padding-top:50px;--awb-padding-bottom-small:0px;--awb-margin-bottom-small:0px;--awb-flex-wrap:wrap;\" ><div class=\"fusion-builder-row fusion-row fusion-flex-align-items-flex-start fusion-flex-content-wrap\" style=\"max-width:1248px;margin-left: calc(-4% \/ 2 );margin-right: calc(-4% \/ 2 );\"><div class=\"fusion-layout-column fusion_builder_column fusion-builder-column-1 fusion_builder_column_1_1 1_1 fusion-flex-column\" style=\"--awb-padding-right:30px;--awb-padding-left:30px;--awb-bg-size:cover;--awb-width-large:100%;--awb-spacing-right-large:1.92%;--awb-margin-bottom-large:0px;--awb-spacing-left-large:1.92%;--awb-width-medium:100%;--awb-order-medium:0;--awb-spacing-right-medium:1.92%;--awb-spacing-left-medium:1.92%;--awb-width-small:100%;--awb-order-small:0;--awb-spacing-right-small:1.92%;--awb-spacing-left-small:1.92%;\"><div class=\"fusion-column-wrapper fusion-column-has-shadow fusion-flex-justify-content-flex-start fusion-content-layout-column\"><div class=\"fusion-content-boxes content-boxes columns row fusion-columns-3 fusion-columns-total-3 fusion-content-boxes-1 content-boxes-icon-with-title content-left\" style=\"--awb-margin-bottom:20px;--awb-hover-accent-color:var(--awb-color4);--awb-circle-hover-accent-color:var(--awb-color4);\" data-animationOffset=\"top-into-view\"><div style=\"--awb-backgroundcolor:rgba(255,255,255,0);\" class=\"fusion-column content-box-column content-box-column content-box-column-1 col-lg-4 col-md-4 col-sm-4 fusion-content-box-hover content-box-column-first-in-row\"><div class=\"col content-box-wrapper content-wrapper link-area-link-icon content-icon-wrapper-yes icon-hover-animation-fade\" data-animationOffset=\"top-into-view\"><div class=\"heading icon-left\"><h2 class=\"content-box-heading\" style=\"--h2_typography-font-size:24px;line-height:29px;\">The Dufour family<\/h2><\/div><div class=\"fusion-clearfix\"><\/div><div class=\"content-container\">\n<p>Become part of the DUFOUR Advokatur. Join a small law firm with big-firm capabilities. Extensive expertise combined with common sense.<\/p>\n<\/div><\/div><\/div><div style=\"--awb-backgroundcolor:rgba(255,255,255,0);\" class=\"fusion-column content-box-column content-box-column content-box-column-2 col-lg-4 col-md-4 col-sm-4 fusion-content-box-hover \"><div class=\"col content-box-wrapper content-wrapper link-area-link-icon content-icon-wrapper-yes icon-hover-animation-fade\" data-animationOffset=\"top-into-view\"><div class=\"heading icon-left\"><h2 class=\"content-box-heading\" style=\"--h2_typography-font-size:24px;line-height:29px;\">Forward-looking<\/h2><\/div><div class=\"fusion-clearfix\"><\/div><div class=\"content-container\">A modern, future-oriented working environment, ideal for individuals who want to help shape the future and contribute their ideas.<\/div><\/div><\/div><div style=\"--awb-backgroundcolor:rgba(255,255,255,0);\" class=\"fusion-column content-box-column content-box-column content-box-column-3 col-lg-4 col-md-4 col-sm-4 fusion-content-box-hover content-box-column-last content-box-column-last-in-row\"><div class=\"col content-box-wrapper content-wrapper link-area-link-icon content-icon-wrapper-yes icon-hover-animation-fade\" data-animationOffset=\"top-into-view\"><div class=\"heading icon-left\"><h2 class=\"content-box-heading\" style=\"--h2_typography-font-size:24px;line-height:29px;\">Corporate culture<\/h2><\/div><div class=\"fusion-clearfix\"><\/div><div class=\"content-container\">A genuine open-door policy, working together for success. Mutual respect and a strong team spirit define the way we work.<\/div><\/div><\/div><div class=\"fusion-clearfix\"><\/div><\/div><\/div><\/div><\/div><\/div><div class=\"fusion-fullwidth fullwidth-box fusion-builder-row-3 fusion-flex-container nonhundred-percent-fullwidth non-hundred-percent-height-scrolling\" style=\"--link_hover_color: var(--awb-color5);--link_color: var(--awb-color5);--awb-border-sizes-top:0px;--awb-border-sizes-bottom:0px;--awb-border-sizes-left:0px;--awb-border-sizes-right:0px;--awb-border-color:var(--awb-color3);--awb-border-radius-top-left:0px;--awb-border-radius-top-right:0px;--awb-border-radius-bottom-right:0px;--awb-border-radius-bottom-left:0px;--awb-padding-top:0px;--awb-padding-right:30px;--awb-padding-bottom:96px;--awb-padding-left:30px;--awb-padding-top-medium:0px;--awb-padding-bottom-medium:72px;--awb-padding-top-small:0px;--awb-padding-bottom-small:48px;--awb-margin-top:0px;--awb-margin-bottom:0px;--awb-background-color:var(--awb-color1);--awb-flex-wrap:wrap;\" ><div class=\"fusion-builder-row fusion-row fusion-flex-align-items-stretch fusion-flex-content-wrap\" style=\"max-width:1248px;margin-left: calc(-4% \/ 2 );margin-right: calc(-4% \/ 2 );\"><div class=\"fusion-layout-column fusion_builder_column fusion-builder-column-2 fusion_builder_column_2_3 2_3 fusion-flex-column fusion-animated\" style=\"--awb-padding-top:40px;--awb-padding-right:40px;--awb-padding-bottom:40px;--awb-padding-left:40px;--awb-padding-top-small:30px;--awb-padding-right-small:30px;--awb-padding-bottom-small:30px;--awb-padding-left-small:30px;--awb-bg-color:var(--awb-color2);--awb-bg-color-hover:var(--awb-color2);--awb-bg-size:cover;--awb-width-large:66.666666666667%;--awb-margin-top-large:0px;--awb-spacing-right-large:2.88%;--awb-margin-bottom-large:40px;--awb-spacing-left-large:2.88%;--awb-width-medium:66.666666666667%;--awb-order-medium:0;--awb-spacing-right-medium:2.88%;--awb-spacing-left-medium:2.88%;--awb-width-small:100%;--awb-order-small:1;--awb-spacing-right-small:1.92%;--awb-margin-bottom-small:40px;--awb-spacing-left-small:1.92%;\" data-animationType=\"fadeInUp\" data-animationDuration=\"1.3\" data-animationOffset=\"top-into-view\"><div class=\"fusion-column-wrapper fusion-column-has-shadow fusion-flex-justify-content-flex-start fusion-content-layout-column\"><div class=\"fusion-title title fusion-title-2 fusion-sep-none fusion-title-text fusion-title-size-four\" style=\"--awb-text-color:var(--awb-color8);\"><h4 class=\"fusion-title-heading title-heading-left fusion-responsive-typography-calculated\" style=\"margin:0;--fontSize:24;line-height:1.6;\">Anwaltspraktikum<\/h4><\/div><div class=\"fusion-text fusion-text-1\" style=\"--awb-font-size:var(--awb-typography4-font-size);--awb-line-height:var(--awb-typography4-line-height);--awb-letter-spacing:var(--awb-typography4-letter-spacing);--awb-text-transform:var(--awb-typography4-text-transform);--awb-text-color:var(--awb-color6);--awb-text-font-family:var(--awb-typography4-font-family);--awb-text-font-weight:var(--awb-typography4-font-weight);--awb-text-font-style:var(--awb-typography4-font-style);\"><p>Wir bieten per 1. Februar 2028 eine abwechslungsreiche und anspruchsvolle Stelle als Anwaltspraktikant\/in in einer modernen Infrastruktur mit der Chance, Ihre F\u00e4higkeiten und Ihr Wissen optimal einsetzen zu k\u00f6nnen, mit geregelten Arbeitszeiten, und der M\u00f6glichkeit auf Teilzeitarbeit.<\/p>\n<\/div><div class=\"fusion-separator fusion-full-width-sep\" style=\"align-self: center;margin-left: auto;margin-right: auto;flex-grow:1;width:100%;\"><\/div><div ><a class=\"fusion-button button-flat fusion-button-default-size button-custom fusion-button-default button-1 fusion-button-default-span \" style=\"--button_bevel_color:var(--awb-color4);--button_bevel_color_hover:var(--awb-color4);--button_accent_color:var(--awb-color8);--button_border_color:var(--awb-color7);--button_accent_hover_color:var(--awb-color1);--button_border_hover_color:var(--awb-color7);--button_border_width-top:0px;--button_border_width-right:0px;--button_border_width-bottom:0px;--button_border_width-left:0px;--button-border-radius-top-left:50px;--button-border-radius-top-right:50px;--button-border-radius-bottom-right:50px;--button-border-radius-bottom-left:50px;--button_gradient_start:49%;--button_gradient_end:0%;--button_gradient_top_color:var(--awb-color1);--button_gradient_bottom_color:var(--awb-color1);--button_gradient_top_color_hover:var(--awb-color4);--button_gradient_bottom_color_hover:var(--awb-color4);--button_text_transform:var(--awb-typography3-text-transform);--button_font_size:var(--awb-typography3-font-size);--button_line_height:var(--awb-typography3-line-height);--button_padding-top:12px;--button_padding-right:28px;--button_padding-bottom:12px;--button_padding-left:28px;--button_typography-letter-spacing:var(--awb-typography3-letter-spacing);--button_typography-font-family:var(--awb-typography3-font-family);--button_typography-font-weight:var(--awb-typography3-font-weight);--button_typography-font-style:var(--awb-typography3-font-style);\" target=\"_self\" href=\"https:\/\/www.dufour-advokatur.ch\/en\/contact\/\"><span class=\"fusion-button-text awb-button__text awb-button__text--default\">Contact us<\/span><\/a><\/div><\/div><\/div><div class=\"fusion-layout-column fusion_builder_column fusion-builder-column-3 fusion_builder_column_1_3 1_3 fusion-flex-column fusion-flex-align-self-flex-start fusion-animated\" style=\"--awb-padding-top:40px;--awb-bg-color:var(--awb-color2);--awb-bg-color-hover:var(--awb-color2);--awb-bg-size:cover;--awb-width-large:33.333333333333%;--awb-margin-top-large:0px;--awb-spacing-right-large:5.76%;--awb-margin-bottom-large:0px;--awb-spacing-left-large:5.76%;--awb-width-medium:33.333333333333%;--awb-order-medium:0;--awb-spacing-right-medium:5.76%;--awb-spacing-left-medium:5.76%;--awb-width-small:100%;--awb-order-small:1;--awb-spacing-right-small:1.92%;--awb-margin-bottom-small:40px;--awb-spacing-left-small:1.92%;\" data-animationType=\"fadeInUp\" data-animationDuration=\"1.3\" data-animationOffset=\"top-into-view\"><div class=\"fusion-column-wrapper fusion-column-has-shadow fusion-flex-justify-content-flex-start fusion-content-layout-column\"><div class=\"fusion-text fusion-text-2 fusion-text-no-margin\" style=\"--awb-font-size:var(--awb-typography4-font-size);--awb-line-height:var(--awb-typography4-line-height);--awb-letter-spacing:var(--awb-typography4-letter-spacing);--awb-text-transform:var(--awb-typography4-text-transform);--awb-text-color:var(--awb-color6);--awb-margin-right:40px;--awb-margin-bottom:45px;--awb-margin-left:40px;--awb-text-font-family:var(--awb-typography4-font-family);--awb-text-font-weight:var(--awb-typography4-font-weight);--awb-text-font-style:var(--awb-typography4-font-style);\"><p><strong>Bewerbung an:<\/strong><br \/>DUFOUR Advokatur AG<br \/>Herr RA Sebastian Rieger<br \/>Dufourstrasse 49<br \/>4010 Basel<br \/><a href=\"mailto:bewerbung@dufo.ch\">bewerbung@dufo.ch<\/a><\/p>\n<\/div><div class=\"fusion-separator fusion-full-width-sep\" style=\"align-self: center;margin-left: auto;margin-right: auto;flex-grow:1;width:100%;\"><\/div><\/div><\/div><\/div><\/div><\/p>\n","protected":false},"excerpt":{"rendered":"","protected":false},"author":1,"featured_media":0,"parent":4357,"menu_order":0,"comment_status":"closed","ping_status":"closed","template":"100-width.php","meta":{"_acf_changed":false,"_monsterinsights_skip_tracking":false,"_monsterinsights_sitenote_active":false,"_monsterinsights_sitenote_note":"","_monsterinsights_sitenote_category":0,"footnotes":""},"class_list":["post-4338","page","type-page","status-publish","hentry"],"acf":[],"yoast_head":"<!-- This site is optimized with the Yoast SEO plugin v24.9 - https:\/\/yoast.com\/wordpress\/plugins\/seo\/ -->\n<title>Open positions - Dufour Advokatur<\/title>\n<meta name=\"description\" content=\"Dufour Advokatur AG - Firmen, Private, Stiftungen und Berufliche Vorsorge in Basel\/Schweiz.\" \/>\n<meta name=\"robots\" content=\"index, follow, max-snippet:-1, max-image-preview:large, max-video-preview:-1\" \/>\n<link rel=\"canonical\" href=\"https:\/\/www.dufour-advokatur.ch\/en\/firm\/open-positions\/\" \/>\n<meta property=\"og:locale\" content=\"en_US\" \/>\n<meta property=\"og:type\" content=\"article\" \/>\n<meta property=\"og:title\" content=\"Open positions - Dufour Advokatur\" \/>\n<meta property=\"og:description\" content=\"Dufour Advokatur AG - Firmen, Private, Stiftungen und Berufliche Vorsorge in Basel\/Schweiz.\" \/>\n<meta property=\"og:url\" content=\"https:\/\/www.dufour-advokatur.ch\/en\/firm\/open-positions\/\" \/>\n<meta property=\"og:site_name\" content=\"Dufour Advokatur\" \/>\n<meta property=\"article:modified_time\" content=\"2026-05-12T09:03:15+00:00\" \/>\n<meta name=\"twitter:card\" content=\"summary_large_image\" \/>\n<meta name=\"twitter:label1\" content=\"Est. reading time\" \/>\n\t<meta name=\"twitter:data1\" content=\"13 minutes\" \/>\n<script type=\"application\/ld+json\" class=\"yoast-schema-graph\">{\"@context\":\"https:\/\/schema.org\",\"@graph\":[{\"@type\":\"WebPage\",\"@id\":\"https:\/\/www.dufour-advokatur.ch\/en\/firm\/open-positions\/\",\"url\":\"https:\/\/www.dufour-advokatur.ch\/en\/firm\/open-positions\/\",\"name\":\"Open positions - Dufour Advokatur\",\"isPartOf\":{\"@id\":\"https:\/\/www.dufour-advokatur.ch\/en\/#website\"},\"datePublished\":\"2025-06-09T08:36:27+00:00\",\"dateModified\":\"2026-05-12T09:03:15+00:00\",\"description\":\"Dufour Advokatur AG - Firmen, Private, Stiftungen und Berufliche Vorsorge in Basel\/Schweiz.\",\"breadcrumb\":{\"@id\":\"https:\/\/www.dufour-advokatur.ch\/en\/firm\/open-positions\/#breadcrumb\"},\"inLanguage\":\"en-US\",\"potentialAction\":[{\"@type\":\"ReadAction\",\"target\":[\"https:\/\/www.dufour-advokatur.ch\/en\/firm\/open-positions\/\"]}]},{\"@type\":\"BreadcrumbList\",\"@id\":\"https:\/\/www.dufour-advokatur.ch\/en\/firm\/open-positions\/#breadcrumb\",\"itemListElement\":[{\"@type\":\"ListItem\",\"position\":1,\"name\":\"Startseite\",\"item\":\"https:\/\/www.dufour-advokatur.ch\/en\/advocacy-for-companies-private-clients-foundations-and-occupational-benefits\/\"},{\"@type\":\"ListItem\",\"position\":2,\"name\":\"Company\",\"item\":\"https:\/\/www.dufour-advokatur.ch\/en\/firm\/\"},{\"@type\":\"ListItem\",\"position\":3,\"name\":\"Open positions\"}]},{\"@type\":\"WebSite\",\"@id\":\"https:\/\/www.dufour-advokatur.ch\/en\/#website\",\"url\":\"https:\/\/www.dufour-advokatur.ch\/en\/\",\"name\":\"Dufour Advokatur\",\"description\":\"\",\"publisher\":{\"@id\":\"https:\/\/www.dufour-advokatur.ch\/en\/#organization\"},\"potentialAction\":[{\"@type\":\"SearchAction\",\"target\":{\"@type\":\"EntryPoint\",\"urlTemplate\":\"https:\/\/www.dufour-advokatur.ch\/en\/?s={search_term_string}\"},\"query-input\":{\"@type\":\"PropertyValueSpecification\",\"valueRequired\":true,\"valueName\":\"search_term_string\"}}],\"inLanguage\":\"en-US\"},{\"@type\":\"Organization\",\"@id\":\"https:\/\/www.dufour-advokatur.ch\/en\/#organization\",\"name\":\"Dufour Advokatur\",\"url\":\"https:\/\/www.dufour-advokatur.ch\/en\/\",\"logo\":{\"@type\":\"ImageObject\",\"inLanguage\":\"en-US\",\"@id\":\"https:\/\/www.dufour-advokatur.ch\/en\/#\/schema\/logo\/image\/\",\"url\":\"https:\/\/www.dufour-advokatur.ch\/wp-content\/uploads\/2026\/01\/Yolanda_BVG_Team_4-scaled.jpg\",\"contentUrl\":\"https:\/\/www.dufour-advokatur.ch\/wp-content\/uploads\/2026\/01\/Yolanda_BVG_Team_4-scaled.jpg\",\"width\":2560,\"height\":1920,\"caption\":\"Dufour Advokatur\"},\"image\":{\"@id\":\"https:\/\/www.dufour-advokatur.ch\/en\/#\/schema\/logo\/image\/\"}}]}<\/script>\n<!-- \/ Yoast SEO plugin. -->","yoast_head_json":{"title":"Open positions - Dufour Advokatur","description":"Dufour Advokatur AG - Firmen, Private, Stiftungen und Berufliche Vorsorge in Basel\/Schweiz.","robots":{"index":"index","follow":"follow","max-snippet":"max-snippet:-1","max-image-preview":"max-image-preview:large","max-video-preview":"max-video-preview:-1"},"canonical":"https:\/\/www.dufour-advokatur.ch\/en\/firm\/open-positions\/","og_locale":"en_US","og_type":"article","og_title":"Open positions - Dufour Advokatur","og_description":"Dufour Advokatur AG - Firmen, Private, Stiftungen und Berufliche Vorsorge in Basel\/Schweiz.","og_url":"https:\/\/www.dufour-advokatur.ch\/en\/firm\/open-positions\/","og_site_name":"Dufour Advokatur","article_modified_time":"2026-05-12T09:03:15+00:00","twitter_card":"summary_large_image","twitter_misc":{"Est. reading time":"13 minutes"},"schema":{"@context":"https:\/\/schema.org","@graph":[{"@type":"WebPage","@id":"https:\/\/www.dufour-advokatur.ch\/en\/firm\/open-positions\/","url":"https:\/\/www.dufour-advokatur.ch\/en\/firm\/open-positions\/","name":"Open positions - Dufour Advokatur","isPartOf":{"@id":"https:\/\/www.dufour-advokatur.ch\/en\/#website"},"datePublished":"2025-06-09T08:36:27+00:00","dateModified":"2026-05-12T09:03:15+00:00","description":"Dufour Advokatur AG - Firmen, Private, Stiftungen und Berufliche Vorsorge in Basel\/Schweiz.","breadcrumb":{"@id":"https:\/\/www.dufour-advokatur.ch\/en\/firm\/open-positions\/#breadcrumb"},"inLanguage":"en-US","potentialAction":[{"@type":"ReadAction","target":["https:\/\/www.dufour-advokatur.ch\/en\/firm\/open-positions\/"]}]},{"@type":"BreadcrumbList","@id":"https:\/\/www.dufour-advokatur.ch\/en\/firm\/open-positions\/#breadcrumb","itemListElement":[{"@type":"ListItem","position":1,"name":"Startseite","item":"https:\/\/www.dufour-advokatur.ch\/en\/advocacy-for-companies-private-clients-foundations-and-occupational-benefits\/"},{"@type":"ListItem","position":2,"name":"Company","item":"https:\/\/www.dufour-advokatur.ch\/en\/firm\/"},{"@type":"ListItem","position":3,"name":"Open positions"}]},{"@type":"WebSite","@id":"https:\/\/www.dufour-advokatur.ch\/en\/#website","url":"https:\/\/www.dufour-advokatur.ch\/en\/","name":"Dufour Advokatur","description":"","publisher":{"@id":"https:\/\/www.dufour-advokatur.ch\/en\/#organization"},"potentialAction":[{"@type":"SearchAction","target":{"@type":"EntryPoint","urlTemplate":"https:\/\/www.dufour-advokatur.ch\/en\/?s={search_term_string}"},"query-input":{"@type":"PropertyValueSpecification","valueRequired":true,"valueName":"search_term_string"}}],"inLanguage":"en-US"},{"@type":"Organization","@id":"https:\/\/www.dufour-advokatur.ch\/en\/#organization","name":"Dufour Advokatur","url":"https:\/\/www.dufour-advokatur.ch\/en\/","logo":{"@type":"ImageObject","inLanguage":"en-US","@id":"https:\/\/www.dufour-advokatur.ch\/en\/#\/schema\/logo\/image\/","url":"https:\/\/www.dufour-advokatur.ch\/wp-content\/uploads\/2026\/01\/Yolanda_BVG_Team_4-scaled.jpg","contentUrl":"https:\/\/www.dufour-advokatur.ch\/wp-content\/uploads\/2026\/01\/Yolanda_BVG_Team_4-scaled.jpg","width":2560,"height":1920,"caption":"Dufour Advokatur"},"image":{"@id":"https:\/\/www.dufour-advokatur.ch\/en\/#\/schema\/logo\/image\/"}}]}},"_links":{"self":[{"href":"https:\/\/www.dufour-advokatur.ch\/en\/wp-json\/wp\/v2\/pages\/4338","targetHints":{"allow":["GET"]}}],"collection":[{"href":"https:\/\/www.dufour-advokatur.ch\/en\/wp-json\/wp\/v2\/pages"}],"about":[{"href":"https:\/\/www.dufour-advokatur.ch\/en\/wp-json\/wp\/v2\/types\/page"}],"author":[{"embeddable":true,"href":"https:\/\/www.dufour-advokatur.ch\/en\/wp-json\/wp\/v2\/users\/1"}],"replies":[{"embeddable":true,"href":"https:\/\/www.dufour-advokatur.ch\/en\/wp-json\/wp\/v2\/comments?post=4338"}],"version-history":[{"count":8,"href":"https:\/\/www.dufour-advokatur.ch\/en\/wp-json\/wp\/v2\/pages\/4338\/revisions"}],"predecessor-version":[{"id":4752,"href":"https:\/\/www.dufour-advokatur.ch\/en\/wp-json\/wp\/v2\/pages\/4338\/revisions\/4752"}],"up":[{"embeddable":true,"href":"https:\/\/www.dufour-advokatur.ch\/en\/wp-json\/wp\/v2\/pages\/4357"}],"wp:attachment":[{"href":"https:\/\/www.dufour-advokatur.ch\/en\/wp-json\/wp\/v2\/media?parent=4338"}],"curies":[{"name":"wp","href":"https:\/\/api.w.org\/{rel}","templated":true}]}}