{"id":4445,"date":"2025-09-23T16:24:55","date_gmt":"2025-09-23T14:24:55","guid":{"rendered":"https:\/\/dufouradvokatur.194.150.248.68.dev-url.ch\/team\/susannah-todd\/"},"modified":"2026-02-25T10:41:52","modified_gmt":"2026-02-25T09:41:52","slug":"susannah-todd","status":"publish","type":"page","link":"https:\/\/www.dufour-advokatur.ch\/en\/team\/susannah-todd\/","title":{"rendered":"Susannah Todd"},"content":{"rendered":"<p><div class=\"fusion-fullwidth fullwidth-box fusion-builder-row-1 fusion-flex-container has-pattern-background has-mask-background fusion-parallax-none nonhundred-percent-fullwidth non-hundred-percent-height-scrolling lazyload\" style=\"--awb-background-position:center top;--awb-border-radius-top-left:0px;--awb-border-radius-top-right:0px;--awb-border-radius-bottom-right:0px;--awb-border-radius-bottom-left:0px;--awb-padding-top:300px;--awb-padding-bottom:300px;--awb-background-image:linear-gradient(90deg, var(--awb-custom_color_1) 0%,rgba(255,255,255,0) 62%);;--awb-background-size:cover;--awb-flex-wrap:wrap;\" data-bg=\"https:\/\/dufouradvokatur.194.150.248.68.dev-url.ch\/wp-content\/uploads\/2025\/11\/Susannah-Todd-Dufour-Advokatur2-scaled-e1762512214564.jpg\" data-bg-gradient=\"linear-gradient(90deg, var(--awb-custom_color_1) 0%,rgba(255,255,255,0) 62%)\" ><div class=\"fusion-builder-row fusion-row fusion-flex-align-items-flex-start fusion-flex-content-wrap\" style=\"max-width:1248px;margin-left: calc(-4% \/ 2 );margin-right: calc(-4% \/ 2 );\"><div class=\"fusion-layout-column fusion_builder_column fusion-builder-column-0 fusion_builder_column_1_1 1_1 fusion-flex-column\" style=\"--awb-bg-size:cover;--awb-width-large:100%;--awb-spacing-right-large:1.92%;--awb-margin-bottom-large:0px;--awb-spacing-left-large:1.92%;--awb-width-medium:100%;--awb-order-medium:0;--awb-spacing-right-medium:1.92%;--awb-spacing-left-medium:1.92%;--awb-width-small:100%;--awb-order-small:0;--awb-spacing-right-small:1.92%;--awb-spacing-left-small:1.92%;\"><div class=\"fusion-column-wrapper fusion-column-has-shadow fusion-flex-justify-content-flex-start fusion-content-layout-column\"><div class=\"fusion-text fusion-text-1 fusion-text-no-margin\" style=\"--awb-font-size:22px;--awb-text-transform:uppercase;--awb-text-color:var(--awb-color1);--awb-margin-bottom:0px;\"><p><b>Marketing &amp; Communications<\/p>\n<p><\/b><\/p>\n<\/div><div class=\"fusion-title title fusion-title-1 fusion-sep-none fusion-title-text fusion-title-size-one\" style=\"--awb-text-color:var(--awb-color1);--awb-margin-top:5px;\"><h1 class=\"fusion-title-heading title-heading-left\" style=\"margin:0;\">Susannah Todd<\/h1><\/div><\/div><\/div><\/div><\/div><div class=\"fusion-fullwidth fullwidth-box fusion-builder-row-2 fusion-flex-container has-pattern-background has-mask-background nonhundred-percent-fullwidth non-hundred-percent-height-scrolling\" style=\"--awb-border-radius-top-left:0px;--awb-border-radius-top-right:0px;--awb-border-radius-bottom-right:0px;--awb-border-radius-bottom-left:0px;--awb-margin-top:70px;--awb-flex-wrap:wrap;\" ><div class=\"fusion-builder-row fusion-row fusion-flex-align-items-stretch fusion-flex-content-wrap\" style=\"max-width:1248px;margin-left: calc(-4% \/ 2 );margin-right: calc(-4% \/ 2 );\"><div class=\"fusion-layout-column fusion_builder_column fusion-builder-column-1 fusion_builder_column_1_1 1_1 fusion-flex-column\" style=\"--awb-padding-left:40px;--awb-padding-left-small:0px;--awb-bg-size:cover;--awb-width-large:100%;--awb-spacing-right-large:1.92%;--awb-margin-bottom-large:0px;--awb-spacing-left-large:2.496%;--awb-width-medium:100%;--awb-order-medium:0;--awb-spacing-right-medium:1.92%;--awb-spacing-left-medium:2.496%;--awb-width-small:100%;--awb-order-small:0;--awb-spacing-right-small:1.92%;--awb-spacing-left-small:1.92%;\"><div class=\"fusion-column-wrapper fusion-column-has-shadow fusion-flex-justify-content-flex-start fusion-content-layout-column\"><div class=\"fusion-title title fusion-title-2 fusion-sep-none fusion-title-text fusion-title-size-three\"><h3 class=\"fusion-title-heading title-heading-left\" style=\"margin:0;\">Portrait<\/h3><\/div><\/div><\/div><div class=\"fusion-layout-column fusion_builder_column fusion-builder-column-2 fusion_builder_column_1_1 1_1 fusion-flex-column\" style=\"--awb-padding-right:40px;--awb-padding-bottom:24px;--awb-padding-left:40px;--awb-padding-right-small:0px;--awb-padding-left-small:0px;--awb-bg-size:cover;--awb-width-large:100%;--awb-spacing-right-large:1.92%;--awb-margin-bottom-large:0px;--awb-spacing-left-large:2.496%;--awb-width-medium:100%;--awb-order-medium:0;--awb-spacing-right-medium:1.92%;--awb-spacing-left-medium:2.496%;--awb-width-small:100%;--awb-order-small:0;--awb-spacing-right-small:1.92%;--awb-spacing-left-small:1.92%;\"><div class=\"fusion-column-wrapper fusion-column-has-shadow fusion-flex-justify-content-flex-start fusion-content-layout-column\"><div class=\"fusion-text fusion-text-2\"><p>Susannah Todd studied French at the University of Kent and the Universit\u00e9 de Grenoble, where she completed her master&#8217;s degree. She has worked in various fields of communication, including finance, agribusiness, education, pharmaceuticals, audiovisual production and entertainment. For five months, she worked as a freelance translator for a large law firm in London. Over the years, she has devoted her voluntary work to social inclusion: she has facilitated social activities for the elderly, narrated a local newspaper for the visually impaired, and written and recorded a collection of poems commissioned by the British Army for soldiers with post-traumatic stress disorder (PTSD).<\/p>\n<\/div><\/div><\/div><\/div><\/div><div class=\"fusion-fullwidth fullwidth-box fusion-builder-row-3 fusion-flex-container has-pattern-background has-mask-background nonhundred-percent-fullwidth non-hundred-percent-height-scrolling\" style=\"--awb-border-radius-top-left:0px;--awb-border-radius-top-right:0px;--awb-border-radius-bottom-right:0px;--awb-border-radius-bottom-left:0px;--awb-margin-top:30px;--awb-margin-top-small:30px;--awb-flex-wrap:wrap;\" ><div class=\"fusion-builder-row fusion-row fusion-flex-align-items-stretch fusion-flex-content-wrap\" style=\"max-width:1248px;margin-left: calc(-4% \/ 2 );margin-right: calc(-4% \/ 2 );\"><div class=\"fusion-layout-column fusion_builder_column fusion-builder-column-3 fusion_builder_column_1_2 1_2 fusion-flex-column\" style=\"--awb-padding-right:18px;--awb-padding-left:40px;--awb-padding-right-small:0px;--awb-padding-left-small:0px;--awb-bg-size:cover;--awb-width-large:50%;--awb-margin-top-large:0px;--awb-spacing-right-large:3.84%;--awb-margin-bottom-large:0px;--awb-spacing-left-large:4.992%;--awb-width-medium:50%;--awb-order-medium:0;--awb-spacing-right-medium:3.84%;--awb-spacing-left-medium:4.992%;--awb-width-small:100%;--awb-order-small:0;--awb-spacing-right-small:1.92%;--awb-spacing-left-small:1.92%;\"><div class=\"fusion-column-wrapper fusion-column-has-shadow fusion-flex-justify-content-flex-start fusion-content-layout-column\"><div class=\"fusion-title title fusion-title-3 fusion-sep-none fusion-title-text fusion-title-size-three\"><h3 class=\"fusion-title-heading title-heading-left\" style=\"margin:0;\">Experience \/ Education<\/h3><\/div><ul style=\"--awb-margin-top:0px;--awb-item-padding-top:8px;--awb-iconcolor:var(--awb-color5);--awb-line-height:27.2px;--awb-icon-width:27.2px;--awb-icon-height:27.2px;--awb-icon-margin:11.2px;--awb-content-margin:38.4px;\" class=\"fusion-checklist fusion-checklist-1 type-icons\"><li class=\"fusion-li-item\" style=\"\"><span class=\"icon-wrapper circle-no\"><i class=\"fusion-li-icon awb-investment-arrow\" aria-hidden=\"true\"><\/i><\/span><div class=\"fusion-li-item-content\">Communications and marketing for DUFOUR and proFonds, the umbrella organization for charitable foundations in Switzerland (since 2024)<\/div><\/li><li class=\"fusion-li-item\" style=\"\"><span class=\"icon-wrapper circle-no\"><i class=\"fusion-li-icon awb-investment-arrow\" aria-hidden=\"true\"><\/i><\/span><div class=\"fusion-li-item-content\">\n<p>Experience in communication in the following sectors: finance, agribusiness, education, pharmaceuticals, audiovisual production and entertainment (1998\u20132024)<\/p>\n<\/div><\/li><li class=\"fusion-li-item\" style=\"\"><span class=\"icon-wrapper circle-no\"><i class=\"fusion-li-icon awb-investment-arrow\" aria-hidden=\"true\"><\/i><\/span><div class=\"fusion-li-item-content\">\n<p>Five-month contract as a freelance translator for a large law firm in London (2016-2017)<\/p>\n<\/div><\/li><li class=\"fusion-li-item\" style=\"\"><span class=\"icon-wrapper circle-no\"><i class=\"fusion-li-icon awb-investment-arrow\" aria-hidden=\"true\"><\/i><\/span><div class=\"fusion-li-item-content\">\n<p>Postgraduate Diploma in Acting for the Screen, England (2008)<\/p>\n<\/div><\/li><li class=\"fusion-li-item\" style=\"\"><span class=\"icon-wrapper circle-no\"><i class=\"fusion-li-icon awb-investment-arrow\" aria-hidden=\"true\"><\/i><\/span><div class=\"fusion-li-item-content\">\n<p>Master&#8217;s degree (MA) in Modern Literature, University of Grenoble, France (1996\u20131997)<\/p>\n<\/div><\/li><li class=\"fusion-li-item\" style=\"\"><span class=\"icon-wrapper circle-no\"><i class=\"fusion-li-icon awb-investment-arrow\" aria-hidden=\"true\"><\/i><\/span><div class=\"fusion-li-item-content\">BA in French magna cum laude, University of Kent, Canterbury, England (1992\u20131996)<\/div><\/li><li class=\"fusion-li-item\" style=\"\"><span class=\"icon-wrapper circle-no\"><i class=\"fusion-li-icon awb-investment-arrow\" aria-hidden=\"true\"><\/i><\/span><div class=\"fusion-li-item-content\">Licence \u00e8s Lettres Modernes (BA in French) in Modern Literature, University of Grenoble, France (1994\u20131995)<\/div><\/li><\/ul><\/div><\/div><div class=\"fusion-layout-column fusion_builder_column fusion-builder-column-4 fusion_builder_column_1_2 1_2 fusion-flex-column\" style=\"--awb-padding-right:40px;--awb-padding-right-small:0px;--awb-bg-size:cover;--awb-width-large:50%;--awb-margin-top-large:0px;--awb-spacing-right-large:3.84%;--awb-margin-bottom-large:0px;--awb-spacing-left-large:4.992%;--awb-width-medium:50%;--awb-order-medium:0;--awb-spacing-right-medium:3.84%;--awb-spacing-left-medium:4.992%;--awb-width-small:100%;--awb-order-small:0;--awb-margin-top-small:60px;--awb-spacing-right-small:1.92%;--awb-spacing-left-small:1.92%;\"><div class=\"fusion-column-wrapper fusion-column-has-shadow fusion-flex-justify-content-flex-start fusion-content-layout-column\"><div class=\"fusion-title title fusion-title-4 fusion-sep-none fusion-title-text fusion-title-size-three\"><h3 class=\"fusion-title-heading title-heading-left\" style=\"margin:0;\">Commitment<\/h3><\/div><ul style=\"--awb-item-padding-top:8px;--awb-iconcolor:var(--awb-color5);--awb-line-height:27.2px;--awb-icon-width:27.2px;--awb-icon-height:27.2px;--awb-icon-margin:11.2px;--awb-content-margin:38.4px;\" class=\"fusion-checklist fusion-checklist-2 type-icons\"><li class=\"fusion-li-item\" style=\"\"><span class=\"icon-wrapper circle-no\"><i class=\"fusion-li-icon awb-investment-arrow\" aria-hidden=\"true\"><\/i><\/span><div class=\"fusion-li-item-content\">\n<p>Volunteer work at the Junioratelier Basel association (2020\u20132023) <\/p>\n<\/div><\/li><li class=\"fusion-li-item\" style=\"\"><span class=\"icon-wrapper circle-no\"><i class=\"fusion-li-icon awb-investment-arrow\" aria-hidden=\"true\"><\/i><\/span><div class=\"fusion-li-item-content\">\n<p>Head of pre-school section, theatre workshop leader and safety officer at &#8220;1, 2, 3 Soleil\u201d, a non-profit French Saturday school for bilingual children (2010-2018)Leiterin des Kindergartens, Theater Workshop-Leiterin und Schutzbeauftragte bei \u00ab1, 2, 3 Soleil\u00bb, einer gemeinn\u00fctzigen franz\u00f6sischen Samstagsschule f\u00fcr zweisprachige Kinder (2010-2018)<\/p>\n<\/div><\/li><li class=\"fusion-li-item\" style=\"\"><span class=\"icon-wrapper circle-no\"><i class=\"fusion-li-icon awb-investment-arrow\" aria-hidden=\"true\"><\/i><\/span><div class=\"fusion-li-item-content\">\n<p>Charity piano recitals for Princess Royal Trust Carers&#8217; Service, Crossroads Caring for Carers Ltd., Wokingham &amp; District Association for the Elderly, England (2010\u20132011)<\/p>\n<\/div><\/li><li class=\"fusion-li-item\" style=\"\"><span class=\"icon-wrapper circle-no\"><i class=\"fusion-li-icon awb-investment-arrow\" aria-hidden=\"true\"><\/i><\/span><div class=\"fusion-li-item-content\">\n<p>Narrator, Talking Newspapers for the visually impaired, Maidenhead Advertiser, England (2010\u20132011)<\/p>\n<\/div><\/li><li class=\"fusion-li-item\" style=\"\"><span class=\"icon-wrapper circle-no\"><i class=\"fusion-li-icon awb-investment-arrow\" aria-hidden=\"true\"><\/i><\/span><div class=\"fusion-li-item-content\">Poet and voiceover artist, Royal Army Chaplains&#8217; Department (RACD), Great Britain (2010)<\/div><\/li><li class=\"fusion-li-item\" style=\"\"><span class=\"icon-wrapper circle-no\"><i class=\"fusion-li-icon awb-investment-arrow\" aria-hidden=\"true\"><\/i><\/span><div class=\"fusion-li-item-content\">\n<p>Activity leader, storyteller and performer, Women&#8217;s Royal Voluntary Service, Maidenhead, England (2009-2011)<\/p>\n<\/div><\/li><\/ul><\/div><\/div><\/div><\/div><\/p>\n","protected":false},"excerpt":{"rendered":"","protected":false},"author":1,"featured_media":0,"parent":4276,"menu_order":0,"comment_status":"closed","ping_status":"closed","template":"100-width.php","meta":{"_acf_changed":false,"_monsterinsights_skip_tracking":false,"_monsterinsights_sitenote_active":false,"_monsterinsights_sitenote_note":"","_monsterinsights_sitenote_category":0,"footnotes":""},"class_list":["post-4445","page","type-page","status-publish","hentry"],"acf":[],"yoast_head":"<!-- This site is optimized with the Yoast SEO plugin v24.9 - https:\/\/yoast.com\/wordpress\/plugins\/seo\/ -->\n<title>Susannah Todd - Dufour Advokatur<\/title>\n<meta name=\"description\" content=\"Dufour Advokatur AG - Firmen, Private, Stiftungen und Berufliche Vorsorge in Basel\/Schweiz.\" \/>\n<meta name=\"robots\" content=\"index, follow, max-snippet:-1, max-image-preview:large, max-video-preview:-1\" \/>\n<link rel=\"canonical\" href=\"https:\/\/www.dufour-advokatur.ch\/en\/team\/susannah-todd\/\" \/>\n<meta property=\"og:locale\" content=\"en_US\" \/>\n<meta property=\"og:type\" content=\"article\" \/>\n<meta property=\"og:title\" content=\"Susannah Todd - Dufour Advokatur\" \/>\n<meta property=\"og:description\" content=\"Dufour Advokatur AG - Firmen, Private, Stiftungen und Berufliche Vorsorge in Basel\/Schweiz.\" \/>\n<meta property=\"og:url\" content=\"https:\/\/www.dufour-advokatur.ch\/en\/team\/susannah-todd\/\" \/>\n<meta property=\"og:site_name\" content=\"Dufour Advokatur\" \/>\n<meta property=\"article:modified_time\" content=\"2026-02-25T09:41:52+00:00\" \/>\n<meta name=\"twitter:card\" content=\"summary_large_image\" \/>\n<meta name=\"twitter:label1\" content=\"Est. reading time\" \/>\n\t<meta name=\"twitter:data1\" content=\"15 minutes\" \/>\n<script type=\"application\/ld+json\" class=\"yoast-schema-graph\">{\"@context\":\"https:\/\/schema.org\",\"@graph\":[{\"@type\":\"WebPage\",\"@id\":\"https:\/\/www.dufour-advokatur.ch\/en\/team\/susannah-todd\/\",\"url\":\"https:\/\/www.dufour-advokatur.ch\/en\/team\/susannah-todd\/\",\"name\":\"Susannah Todd - Dufour Advokatur\",\"isPartOf\":{\"@id\":\"https:\/\/www.dufour-advokatur.ch\/en\/#website\"},\"datePublished\":\"2025-09-23T14:24:55+00:00\",\"dateModified\":\"2026-02-25T09:41:52+00:00\",\"description\":\"Dufour Advokatur AG - Firmen, Private, Stiftungen und Berufliche Vorsorge in Basel\/Schweiz.\",\"breadcrumb\":{\"@id\":\"https:\/\/www.dufour-advokatur.ch\/en\/team\/susannah-todd\/#breadcrumb\"},\"inLanguage\":\"en-US\",\"potentialAction\":[{\"@type\":\"ReadAction\",\"target\":[\"https:\/\/www.dufour-advokatur.ch\/en\/team\/susannah-todd\/\"]}]},{\"@type\":\"BreadcrumbList\",\"@id\":\"https:\/\/www.dufour-advokatur.ch\/en\/team\/susannah-todd\/#breadcrumb\",\"itemListElement\":[{\"@type\":\"ListItem\",\"position\":1,\"name\":\"Startseite\",\"item\":\"https:\/\/www.dufour-advokatur.ch\/en\/advocacy-for-companies-private-clients-foundations-and-occupational-benefits\/\"},{\"@type\":\"ListItem\",\"position\":2,\"name\":\"Team\",\"item\":\"https:\/\/www.dufour-advokatur.ch\/en\/team\/\"},{\"@type\":\"ListItem\",\"position\":3,\"name\":\"Susannah Todd\"}]},{\"@type\":\"WebSite\",\"@id\":\"https:\/\/www.dufour-advokatur.ch\/en\/#website\",\"url\":\"https:\/\/www.dufour-advokatur.ch\/en\/\",\"name\":\"Dufour Advokatur\",\"description\":\"\",\"publisher\":{\"@id\":\"https:\/\/www.dufour-advokatur.ch\/en\/#organization\"},\"potentialAction\":[{\"@type\":\"SearchAction\",\"target\":{\"@type\":\"EntryPoint\",\"urlTemplate\":\"https:\/\/www.dufour-advokatur.ch\/en\/?s={search_term_string}\"},\"query-input\":{\"@type\":\"PropertyValueSpecification\",\"valueRequired\":true,\"valueName\":\"search_term_string\"}}],\"inLanguage\":\"en-US\"},{\"@type\":\"Organization\",\"@id\":\"https:\/\/www.dufour-advokatur.ch\/en\/#organization\",\"name\":\"Dufour Advokatur\",\"url\":\"https:\/\/www.dufour-advokatur.ch\/en\/\",\"logo\":{\"@type\":\"ImageObject\",\"inLanguage\":\"en-US\",\"@id\":\"https:\/\/www.dufour-advokatur.ch\/en\/#\/schema\/logo\/image\/\",\"url\":\"https:\/\/www.dufour-advokatur.ch\/wp-content\/uploads\/2026\/01\/Yolanda_BVG_Team_4-scaled.jpg\",\"contentUrl\":\"https:\/\/www.dufour-advokatur.ch\/wp-content\/uploads\/2026\/01\/Yolanda_BVG_Team_4-scaled.jpg\",\"width\":2560,\"height\":1920,\"caption\":\"Dufour Advokatur\"},\"image\":{\"@id\":\"https:\/\/www.dufour-advokatur.ch\/en\/#\/schema\/logo\/image\/\"}}]}<\/script>\n<!-- \/ Yoast SEO plugin. -->","yoast_head_json":{"title":"Susannah Todd - Dufour Advokatur","description":"Dufour Advokatur AG - Firmen, Private, Stiftungen und Berufliche Vorsorge in Basel\/Schweiz.","robots":{"index":"index","follow":"follow","max-snippet":"max-snippet:-1","max-image-preview":"max-image-preview:large","max-video-preview":"max-video-preview:-1"},"canonical":"https:\/\/www.dufour-advokatur.ch\/en\/team\/susannah-todd\/","og_locale":"en_US","og_type":"article","og_title":"Susannah Todd - Dufour Advokatur","og_description":"Dufour Advokatur AG - Firmen, Private, Stiftungen und Berufliche Vorsorge in Basel\/Schweiz.","og_url":"https:\/\/www.dufour-advokatur.ch\/en\/team\/susannah-todd\/","og_site_name":"Dufour Advokatur","article_modified_time":"2026-02-25T09:41:52+00:00","twitter_card":"summary_large_image","twitter_misc":{"Est. reading time":"15 minutes"},"schema":{"@context":"https:\/\/schema.org","@graph":[{"@type":"WebPage","@id":"https:\/\/www.dufour-advokatur.ch\/en\/team\/susannah-todd\/","url":"https:\/\/www.dufour-advokatur.ch\/en\/team\/susannah-todd\/","name":"Susannah Todd - Dufour Advokatur","isPartOf":{"@id":"https:\/\/www.dufour-advokatur.ch\/en\/#website"},"datePublished":"2025-09-23T14:24:55+00:00","dateModified":"2026-02-25T09:41:52+00:00","description":"Dufour Advokatur AG - Firmen, Private, Stiftungen und Berufliche Vorsorge in Basel\/Schweiz.","breadcrumb":{"@id":"https:\/\/www.dufour-advokatur.ch\/en\/team\/susannah-todd\/#breadcrumb"},"inLanguage":"en-US","potentialAction":[{"@type":"ReadAction","target":["https:\/\/www.dufour-advokatur.ch\/en\/team\/susannah-todd\/"]}]},{"@type":"BreadcrumbList","@id":"https:\/\/www.dufour-advokatur.ch\/en\/team\/susannah-todd\/#breadcrumb","itemListElement":[{"@type":"ListItem","position":1,"name":"Startseite","item":"https:\/\/www.dufour-advokatur.ch\/en\/advocacy-for-companies-private-clients-foundations-and-occupational-benefits\/"},{"@type":"ListItem","position":2,"name":"Team","item":"https:\/\/www.dufour-advokatur.ch\/en\/team\/"},{"@type":"ListItem","position":3,"name":"Susannah Todd"}]},{"@type":"WebSite","@id":"https:\/\/www.dufour-advokatur.ch\/en\/#website","url":"https:\/\/www.dufour-advokatur.ch\/en\/","name":"Dufour Advokatur","description":"","publisher":{"@id":"https:\/\/www.dufour-advokatur.ch\/en\/#organization"},"potentialAction":[{"@type":"SearchAction","target":{"@type":"EntryPoint","urlTemplate":"https:\/\/www.dufour-advokatur.ch\/en\/?s={search_term_string}"},"query-input":{"@type":"PropertyValueSpecification","valueRequired":true,"valueName":"search_term_string"}}],"inLanguage":"en-US"},{"@type":"Organization","@id":"https:\/\/www.dufour-advokatur.ch\/en\/#organization","name":"Dufour Advokatur","url":"https:\/\/www.dufour-advokatur.ch\/en\/","logo":{"@type":"ImageObject","inLanguage":"en-US","@id":"https:\/\/www.dufour-advokatur.ch\/en\/#\/schema\/logo\/image\/","url":"https:\/\/www.dufour-advokatur.ch\/wp-content\/uploads\/2026\/01\/Yolanda_BVG_Team_4-scaled.jpg","contentUrl":"https:\/\/www.dufour-advokatur.ch\/wp-content\/uploads\/2026\/01\/Yolanda_BVG_Team_4-scaled.jpg","width":2560,"height":1920,"caption":"Dufour Advokatur"},"image":{"@id":"https:\/\/www.dufour-advokatur.ch\/en\/#\/schema\/logo\/image\/"}}]}},"_links":{"self":[{"href":"https:\/\/www.dufour-advokatur.ch\/en\/wp-json\/wp\/v2\/pages\/4445","targetHints":{"allow":["GET"]}}],"collection":[{"href":"https:\/\/www.dufour-advokatur.ch\/en\/wp-json\/wp\/v2\/pages"}],"about":[{"href":"https:\/\/www.dufour-advokatur.ch\/en\/wp-json\/wp\/v2\/types\/page"}],"author":[{"embeddable":true,"href":"https:\/\/www.dufour-advokatur.ch\/en\/wp-json\/wp\/v2\/users\/1"}],"replies":[{"embeddable":true,"href":"https:\/\/www.dufour-advokatur.ch\/en\/wp-json\/wp\/v2\/comments?post=4445"}],"version-history":[{"count":4,"href":"https:\/\/www.dufour-advokatur.ch\/en\/wp-json\/wp\/v2\/pages\/4445\/revisions"}],"predecessor-version":[{"id":4595,"href":"https:\/\/www.dufour-advokatur.ch\/en\/wp-json\/wp\/v2\/pages\/4445\/revisions\/4595"}],"up":[{"embeddable":true,"href":"https:\/\/www.dufour-advokatur.ch\/en\/wp-json\/wp\/v2\/pages\/4276"}],"wp:attachment":[{"href":"https:\/\/www.dufour-advokatur.ch\/en\/wp-json\/wp\/v2\/media?parent=4445"}],"curies":[{"name":"wp","href":"https:\/\/api.w.org\/{rel}","templated":true}]}}